{"id":10592,"date":"2021-08-23T11:12:56","date_gmt":"2021-08-23T11:12:56","guid":{"rendered":"https:\/\/premierservice.pt\/pt\/?page_id=10592"},"modified":"2021-09-08T13:40:45","modified_gmt":"2021-09-08T13:40:45","slug":"boutique","status":"publish","type":"page","link":"https:\/\/premierservice.pt\/pt\/boutique\/","title":{"rendered":"Boutique"},"content":{"rendered":"\t\t<div data-elementor-type=\"wp-page\" data-elementor-id=\"10592\" class=\"elementor elementor-10592\" data-elementor-post-type=\"page\">\n\t\t\t\t\t\t<section class=\"elementor-section elementor-top-section elementor-element elementor-element-48252b44 elementor-section-full_width elementor-section-stretched elementor-section-height-default elementor-section-height-default qodef-elementor-content-no qodef-angled-shape-top-no qodef-angled-shape-bottom-no\" data-id=\"48252b44\" data-element_type=\"section\" data-e-type=\"section\" data-settings=\"{&quot;stretch_section&quot;:&quot;section-stretched&quot;}\">\n\t\t\t\t\t\t<div class=\"elementor-container elementor-column-gap-default\">\n\t\t\t\t\t<div class=\"elementor-column elementor-col-100 elementor-top-column elementor-element elementor-element-226d3254\" data-id=\"226d3254\" data-element_type=\"column\" data-e-type=\"column\" data-settings=\"{&quot;background_background&quot;:&quot;classic&quot;}\">\n\t\t\t<div class=\"elementor-widget-wrap elementor-element-populated\">\n\t\t\t\t\t\t<div class=\"elementor-element elementor-element-3411c3d9 elementor-widget elementor-widget-malgre_core_section_title\" data-id=\"3411c3d9\" data-element_type=\"widget\" data-e-type=\"widget\" data-widget_type=\"malgre_core_section_title.default\">\n\t\t\t\t<div class=\"elementor-widget-container\">\n\t\t\t\t\t<div class=\"qodef-shortcode qodef-m  qodef-section-title qodef-alignment--center   qodef-appear-animation--none\" >\n\t\t<h2 class=\"qodef-m-title\" >\n\t\t\t\t\tBOUTIQUE\t\t\t<\/h2>\n    \t    <\/div>\n\t\t\t\t<\/div>\n\t\t\t\t<\/div>\n\t\t\t\t\t<\/div>\n\t\t<\/div>\n\t\t\t\t\t<\/div>\n\t\t<\/section>\n\t\t\t\t<section class=\"elementor-section elementor-top-section elementor-element elementor-element-80113a0 elementor-section-boxed elementor-section-height-default elementor-section-height-default qodef-elementor-content-no qodef-angled-shape-top-no qodef-angled-shape-bottom-no\" data-id=\"80113a0\" data-element_type=\"section\" data-e-type=\"section\">\n\t\t\t\t\t\t<div class=\"elementor-container elementor-column-gap-default\">\n\t\t\t\t\t<div class=\"elementor-column elementor-col-33 elementor-top-column elementor-element elementor-element-306eecf\" data-id=\"306eecf\" data-element_type=\"column\" data-e-type=\"column\">\n\t\t\t<div class=\"elementor-widget-wrap elementor-element-populated\">\n\t\t\t\t\t\t<div class=\"elementor-element elementor-element-64ea30e elementor-widget elementor-widget-image\" data-id=\"64ea30e\" data-element_type=\"widget\" data-e-type=\"widget\" data-widget_type=\"image.default\">\n\t\t\t\t<div class=\"elementor-widget-container\">\n\t\t\t\t\t\t\t\t\t\t\t\t\t\t\t\t<a href=\"https:\/\/premierservice.pt\/pt\/wp-content\/uploads\/2021\/08\/WhatsApp-Image-2021-08-31-at-15.00.14.jpeg\" data-elementor-open-lightbox=\"yes\" data-elementor-lightbox-title=\"WhatsApp Image 2021-08-31 at 15.00.14\" data-e-action-hash=\"#elementor-action%3Aaction%3Dlightbox%26settings%3DeyJpZCI6MTA4NDcsInVybCI6Imh0dHBzOlwvXC9wcmVtaWVyc2VydmljZS5wdFwvcHRcL3dwLWNvbnRlbnRcL3VwbG9hZHNcLzIwMjFcLzA4XC9XaGF0c0FwcC1JbWFnZS0yMDIxLTA4LTMxLWF0LTE1LjAwLjE0LmpwZWcifQ%3D%3D\">\n\t\t\t\t\t\t\t<img decoding=\"async\" src=\"https:\/\/premierservice.pt\/pt\/wp-content\/uploads\/elementor\/thumbs\/WhatsApp-Image-2021-08-31-at-15.00.14-pcficp1defp8kfrftar13skuvctbvuq8wvoxnd1lvk.jpeg\" title=\"WhatsApp Image 2021-08-31 at 15.00.14\" alt=\"WhatsApp Image 2021-08-31 at 15.00.14\" loading=\"lazy\" \/>\t\t\t\t\t\t\t\t<\/a>\n\t\t\t\t\t\t\t\t\t\t\t\t\t\t\t<\/div>\n\t\t\t\t<\/div>\n\t\t\t\t<div class=\"elementor-element elementor-element-a158a4e elementor-widget elementor-widget-malgre_core_section_title\" data-id=\"a158a4e\" data-element_type=\"widget\" data-e-type=\"widget\" data-widget_type=\"malgre_core_section_title.default\">\n\t\t\t\t<div class=\"elementor-widget-container\">\n\t\t\t\t\t<div class=\"qodef-shortcode qodef-m  qodef-section-title qodef-alignment--left   qodef-appear-animation--none\" >\n\t\t<h3 class=\"qodef-m-title\" >\n\t\t\t\t\tCora\u00e7\u00e3o XL\t\t\t<\/h3>\n    \t<h6 class=\"qodef-m-subtitle\" >\n\t\t\t\t\tCaixa de bombons em forma de cora\u00e7\u00e3o\t\t\t<\/h6>\n\t    <\/div>\n\t\t\t\t<\/div>\n\t\t\t\t<\/div>\n\t\t\t\t<div class=\"elementor-element elementor-element-504fbf1 elementor-widget elementor-widget-text-editor\" data-id=\"504fbf1\" data-element_type=\"widget\" data-e-type=\"widget\" data-widget_type=\"text-editor.default\">\n\t\t\t\t<div class=\"elementor-widget-container\">\n\t\t\t\t\t\t\t\t\t<p>100 unidades (25 personaliz\u00e1veis) &#8211; 180\u20ac (IVA inclu\u00eddo)<\/p><p>100 unidades (sem personaliza\u00e7\u00e3o) &#8211; 160\u20ac (IVA inclu\u00eddo)<\/p>\t\t\t\t\t\t\t\t<\/div>\n\t\t\t\t<\/div>\n\t\t\t\t\t<\/div>\n\t\t<\/div>\n\t\t\t\t<div class=\"elementor-column elementor-col-33 elementor-top-column elementor-element elementor-element-cf25a7e\" data-id=\"cf25a7e\" data-element_type=\"column\" data-e-type=\"column\">\n\t\t\t<div class=\"elementor-widget-wrap elementor-element-populated\">\n\t\t\t\t\t\t<div class=\"elementor-element elementor-element-da476c2 elementor-widget elementor-widget-image\" data-id=\"da476c2\" data-element_type=\"widget\" data-e-type=\"widget\" data-widget_type=\"image.default\">\n\t\t\t\t<div class=\"elementor-widget-container\">\n\t\t\t\t\t\t\t\t\t\t\t\t\t\t\t\t<a href=\"https:\/\/premierservice.pt\/pt\/wp-content\/uploads\/2021\/08\/WhatsApp-Image-2021-08-31-at-15.40.27.jpeg\" data-elementor-open-lightbox=\"yes\" data-elementor-lightbox-title=\"WhatsApp Image 2021-08-31 at 15.40.27\" data-e-action-hash=\"#elementor-action%3Aaction%3Dlightbox%26settings%3DeyJpZCI6MTA4NDksInVybCI6Imh0dHBzOlwvXC9wcmVtaWVyc2VydmljZS5wdFwvcHRcL3dwLWNvbnRlbnRcL3VwbG9hZHNcLzIwMjFcLzA4XC9XaGF0c0FwcC1JbWFnZS0yMDIxLTA4LTMxLWF0LTE1LjQwLjI3LmpwZWcifQ%3D%3D\">\n\t\t\t\t\t\t\t<img decoding=\"async\" src=\"https:\/\/premierservice.pt\/pt\/wp-content\/uploads\/elementor\/thumbs\/WhatsApp-Image-2021-08-31-at-15.40.27-pcfio7k74dgosh1bkrxi5dz4ua276dfvhve2adyznk.jpeg\" title=\"WhatsApp Image 2021-08-31 at 15.40.27\" alt=\"WhatsApp Image 2021-08-31 at 15.40.27\" loading=\"lazy\" \/>\t\t\t\t\t\t\t\t<\/a>\n\t\t\t\t\t\t\t\t\t\t\t\t\t\t\t<\/div>\n\t\t\t\t<\/div>\n\t\t\t\t<div class=\"elementor-element elementor-element-e768c45 elementor-widget elementor-widget-malgre_core_section_title\" data-id=\"e768c45\" data-element_type=\"widget\" data-e-type=\"widget\" data-widget_type=\"malgre_core_section_title.default\">\n\t\t\t\t<div class=\"elementor-widget-container\">\n\t\t\t\t\t<div class=\"qodef-shortcode qodef-m  qodef-section-title qodef-alignment--left   qodef-appear-animation--none\" >\n\t\t<h3 class=\"qodef-m-title\" >\n\t\t\t\t\tNapolitanas\t\t\t<\/h3>\n    \t<h6 class=\"qodef-m-subtitle\" >\n\t\t\t\t\tChocolates ideais para Gifts\t\t\t<\/h6>\n\t    <\/div>\n\t\t\t\t<\/div>\n\t\t\t\t<\/div>\n\t\t\t\t<div class=\"elementor-element elementor-element-ff64d7b elementor-widget elementor-widget-text-editor\" data-id=\"ff64d7b\" data-element_type=\"widget\" data-e-type=\"widget\" data-widget_type=\"text-editor.default\">\n\t\t\t\t<div class=\"elementor-widget-container\">\n\t\t\t\t\t\t\t\t\t<p>100 unidades &#8211; 35\u20ac (IVA Inclu\u00eddo)<\/p>\t\t\t\t\t\t\t\t<\/div>\n\t\t\t\t<\/div>\n\t\t\t\t\t<\/div>\n\t\t<\/div>\n\t\t\t\t<div class=\"elementor-column elementor-col-33 elementor-top-column elementor-element elementor-element-6144033\" data-id=\"6144033\" data-element_type=\"column\" data-e-type=\"column\">\n\t\t\t<div class=\"elementor-widget-wrap elementor-element-populated\">\n\t\t\t\t\t\t<div class=\"elementor-element elementor-element-0980a8f elementor-widget elementor-widget-image\" data-id=\"0980a8f\" data-element_type=\"widget\" data-e-type=\"widget\" data-widget_type=\"image.default\">\n\t\t\t\t<div class=\"elementor-widget-container\">\n\t\t\t\t\t\t\t\t\t\t\t\t\t\t\t\t<a href=\"https:\/\/premierservice.pt\/pt\/wp-content\/uploads\/2021\/08\/124364085_3393369864103708_7203379526187700416_o.jpg\" data-elementor-open-lightbox=\"yes\" data-elementor-lightbox-title=\"124364085_3393369864103708_7203379526187700416_o\" data-e-action-hash=\"#elementor-action%3Aaction%3Dlightbox%26settings%3DeyJpZCI6MTA0MjksInVybCI6Imh0dHBzOlwvXC9wcmVtaWVyc2VydmljZS5wdFwvcHRcL3dwLWNvbnRlbnRcL3VwbG9hZHNcLzIwMjFcLzA4XC8xMjQzNjQwODVfMzM5MzM2OTg2NDEwMzcwOF83MjAzMzc5NTI2MTg3NzAwNDE2X28uanBnIn0%3D\">\n\t\t\t\t\t\t\t<img decoding=\"async\" src=\"https:\/\/premierservice.pt\/pt\/wp-content\/uploads\/elementor\/thumbs\/124364085_3393369864103708_7203379526187700416_o-pbei5e0y1l0yshbvh4hr6nobpo4n44lxgcsvp8sa2o.jpg\" title=\"124364085_3393369864103708_7203379526187700416_o\" alt=\"124364085_3393369864103708_7203379526187700416_o\" loading=\"lazy\" \/>\t\t\t\t\t\t\t\t<\/a>\n\t\t\t\t\t\t\t\t\t\t\t\t\t\t\t<\/div>\n\t\t\t\t<\/div>\n\t\t\t\t<div class=\"elementor-element elementor-element-ada0ae2 elementor-widget elementor-widget-malgre_core_section_title\" data-id=\"ada0ae2\" data-element_type=\"widget\" data-e-type=\"widget\" data-widget_type=\"malgre_core_section_title.default\">\n\t\t\t\t<div class=\"elementor-widget-container\">\n\t\t\t\t\t<div class=\"qodef-shortcode qodef-m  qodef-section-title qodef-alignment--left   qodef-appear-animation--none\" >\n\t\t<h3 class=\"qodef-m-title\" >\n\t\t\t\t\tCake Design\t\t\t<\/h3>\n    \t<h6 class=\"qodef-m-subtitle\" >\n\t\t\t\t\tPersonalizamos o seu bolo\t\t\t<\/h6>\n\t    <\/div>\n\t\t\t\t<\/div>\n\t\t\t\t<\/div>\n\t\t\t\t<div class=\"elementor-element elementor-element-b44961d elementor-widget elementor-widget-text-editor\" data-id=\"b44961d\" data-element_type=\"widget\" data-e-type=\"widget\" data-widget_type=\"text-editor.default\">\n\t\t\t\t<div class=\"elementor-widget-container\">\n\t\t\t\t\t\t\t\t\t<p>(Sob Or\u00e7amento)<\/p>\t\t\t\t\t\t\t\t<\/div>\n\t\t\t\t<\/div>\n\t\t\t\t\t<\/div>\n\t\t<\/div>\n\t\t\t\t\t<\/div>\n\t\t<\/section>\n\t\t\t\t<section class=\"elementor-section elementor-top-section elementor-element elementor-element-869617d elementor-section-boxed elementor-section-height-default elementor-section-height-default qodef-elementor-content-no qodef-angled-shape-top-no qodef-angled-shape-bottom-no\" data-id=\"869617d\" data-element_type=\"section\" data-e-type=\"section\">\n\t\t\t\t\t\t<div class=\"elementor-container elementor-column-gap-default\">\n\t\t\t\t\t<div class=\"elementor-column elementor-col-66 elementor-top-column elementor-element elementor-element-57e9220\" data-id=\"57e9220\" data-element_type=\"column\" data-e-type=\"column\">\n\t\t\t<div class=\"elementor-widget-wrap elementor-element-populated\">\n\t\t\t\t\t\t<div class=\"elementor-element elementor-element-3e9a357 elementor-widget elementor-widget-malgre_core_section_title\" data-id=\"3e9a357\" data-element_type=\"widget\" data-e-type=\"widget\" data-widget_type=\"malgre_core_section_title.default\">\n\t\t\t\t<div class=\"elementor-widget-container\">\n\t\t\t\t\t<div class=\"qodef-shortcode qodef-m  qodef-section-title qodef-alignment--left   qodef-appear-animation--none\" >\n\t\t<h3 class=\"qodef-m-title\" >\n\t\t\t\t\tPara Encomendar Contacte\t\t\t<\/h3>\n    \t    <\/div>\n\t\t\t\t<\/div>\n\t\t\t\t<\/div>\n\t\t\t\t<div class=\"elementor-element elementor-element-716e889 elementor-widget elementor-widget-wp-widget-wpforms-widget\" data-id=\"716e889\" data-element_type=\"widget\" data-e-type=\"widget\" data-widget_type=\"wp-widget-wpforms-widget.default\">\n\t\t\t\t<div class=\"elementor-widget-container\">\n\t\t\t\t\t<div class=\"wpforms-container wpforms-container-full\" id=\"wpforms-11011\"><form id=\"wpforms-form-11011\" class=\"wpforms-validate wpforms-form\" data-formid=\"11011\" method=\"post\" enctype=\"multipart\/form-data\" action=\"\/pt\/wp-json\/wp\/v2\/pages\/10592\" data-token=\"7ae0aa19fe2adc40daec09bf0547e089\" data-token-time=\"1776521332\"><noscript class=\"wpforms-error-noscript\">Please enable JavaScript in your browser to complete this form.<\/noscript><div class=\"wpforms-field-container\"><div id=\"wpforms-11011-field_1-container\" class=\"wpforms-field wpforms-field-name\" data-field-id=\"1\"><label class=\"wpforms-field-label wpforms-label-hide\" for=\"wpforms-11011-field_1\">Nome <span class=\"wpforms-required-label\">*<\/span><\/label><input type=\"text\" id=\"wpforms-11011-field_1\" class=\"wpforms-field-large wpforms-field-required\" name=\"wpforms[fields][1]\" placeholder=\"Nome Completo*\" required><\/div><div id=\"wpforms-11011-field_5-container\" class=\"wpforms-field wpforms-field-email wpforms-one-half wpforms-first\" data-field-id=\"5\"><label class=\"wpforms-field-label wpforms-label-hide\" for=\"wpforms-11011-field_5\">Email <span class=\"wpforms-required-label\">*<\/span><\/label><input type=\"email\" id=\"wpforms-11011-field_5\" class=\"wpforms-field-large wpforms-field-required\" name=\"wpforms[fields][5]\" placeholder=\"Email*\" spellcheck=\"false\" required><\/div><div id=\"wpforms-11011-field_6-container\" class=\"wpforms-field wpforms-field-number wpforms-one-half\" data-field-id=\"6\"><label class=\"wpforms-field-label wpforms-label-hide\" for=\"wpforms-11011-field_6\">Contacto Telef\u00f3nico <span class=\"wpforms-required-label\">*<\/span><\/label><input type=\"number\" id=\"wpforms-11011-field_6\" class=\"wpforms-field-large wpforms-field-required\" name=\"wpforms[fields][6]\" placeholder=\"Contacto*\" step=\"any\" required><\/div><div id=\"wpforms-11011-field_4-container\" class=\"wpforms-field wpforms-field-select wpforms-field-select-style-modern\" data-field-id=\"4\"><label class=\"wpforms-field-label wpforms-label-hide\" for=\"wpforms-11011-field_4\">Produtos <span class=\"wpforms-required-label\">*<\/span><\/label><select id=\"wpforms-11011-field_4\" class=\"wpforms-field-large wpforms-field-required choicesjs-select\" data-size-class=\"wpforms-field-row wpforms-field-large\" data-search-enabled=\"\" name=\"wpforms[fields][4]\" required=\"required\"><option value=\"\" class=\"placeholder\" disabled  selected='selected'>Selecione o produto<\/option><option value=\"Cora\u00e7\u00e3o XL\"  class=\"choice-1 depth-1\"  >Cora\u00e7\u00e3o XL<\/option><option value=\"Napolitanas\"  class=\"choice-2 depth-1\"  >Napolitanas<\/option><option value=\"Cake Design\"  class=\"choice-3 depth-1\"  >Cake Design<\/option><\/select><\/div><div id=\"wpforms-11011-field_7-container\" class=\"wpforms-field wpforms-field-textarea\" data-field-id=\"7\"><label class=\"wpforms-field-label wpforms-label-hide\" for=\"wpforms-11011-field_7\">Paragraph Text <span class=\"wpforms-required-label\">*<\/span><\/label><textarea id=\"wpforms-11011-field_7\" class=\"wpforms-field-large wpforms-field-required\" name=\"wpforms[fields][7]\" placeholder=\"Descreva o necess\u00e1rio*\" required><\/textarea><\/div><\/div><!-- .wpforms-field-container --><div class=\"wpforms-submit-container\" ><input type=\"hidden\" name=\"wpforms[id]\" value=\"11011\"><input type=\"hidden\" name=\"page_title\" value=\"\"><input type=\"hidden\" name=\"page_url\" value=\"https:\/\/premierservice.pt\/pt\/wp-json\/wp\/v2\/pages\/10592\"><input type=\"hidden\" name=\"url_referer\" value=\"\"><button type=\"submit\" name=\"wpforms[submit]\" id=\"wpforms-submit-11011\" class=\"wpforms-submit\" data-alt-text=\"Enviado\" data-submit-text=\"Enviar\" aria-live=\"assertive\" value=\"wpforms-submit\">Enviar<\/button><\/div><\/form><\/div>  <!-- .wpforms-container -->\t\t\t\t<\/div>\n\t\t\t\t<\/div>\n\t\t\t\t\t<\/div>\n\t\t<\/div>\n\t\t\t\t<div class=\"elementor-column elementor-col-33 elementor-top-column elementor-element elementor-element-6b58b57\" data-id=\"6b58b57\" data-element_type=\"column\" data-e-type=\"column\">\n\t\t\t<div class=\"elementor-widget-wrap elementor-element-populated\">\n\t\t\t\t\t\t<div class=\"elementor-element elementor-element-b77f6a0 elementor-widget elementor-widget-malgre_core_button\" data-id=\"b77f6a0\" data-element_type=\"widget\" data-e-type=\"widget\" data-widget_type=\"malgre_core_button.default\">\n\t\t\t\t<div class=\"elementor-widget-container\">\n\t\t\t\t\t<a class=\"qodef-shortcode qodef-m  qodef-button qodef-layout--filled   qodef-html--link\" href=\"tel:220955931\" target=\"_self\"  >\n\t<span class=\"qodef-m-text\">220 955 931<\/span>\n<\/a>\t\t\t\t<\/div>\n\t\t\t\t<\/div>\n\t\t\t\t<div class=\"elementor-element elementor-element-cbdf467 elementor-widget elementor-widget-malgre_core_button\" data-id=\"cbdf467\" data-element_type=\"widget\" data-e-type=\"widget\" data-widget_type=\"malgre_core_button.default\">\n\t\t\t\t<div class=\"elementor-widget-container\">\n\t\t\t\t\t<a class=\"qodef-shortcode qodef-m  qodef-button qodef-layout--filled   qodef-html--link\" href=\"mailto:geral@premierservice.pt\" target=\"_self\"  >\n\t<span class=\"qodef-m-text\">geral@premierservice.pt<\/span>\n<\/a>\t\t\t\t<\/div>\n\t\t\t\t<\/div>\n\t\t\t\t\t<\/div>\n\t\t<\/div>\n\t\t\t\t\t<\/div>\n\t\t<\/section>\n\t\t\t\t<\/div>\n\t\t","protected":false},"excerpt":{"rendered":"<p>BOUTIQUE Cora\u00e7\u00e3o XL Caixa de bombons em forma de cora\u00e7\u00e3o 100 unidades (25 personaliz\u00e1veis) &#8211; 180\u20ac (IVA inclu\u00eddo) 100 unidades (sem personaliza\u00e7\u00e3o) &#8211; 160\u20ac (IVA inclu\u00eddo) Napolitanas Chocolates ideais para Gifts 100 unidades &#8211; 35\u20ac (IVA Inclu\u00eddo) Cake Design Personalizamos o seu bolo (Sob Or\u00e7amento) Para Encomendar Contacte 220 955 931 geral@premierservice.pt<\/p>\n","protected":false},"author":2,"featured_media":0,"parent":0,"menu_order":0,"comment_status":"closed","ping_status":"closed","template":"","meta":{"footnotes":""},"class_list":["post-10592","page","type-page","status-publish","hentry"],"_links":{"self":[{"href":"https:\/\/premierservice.pt\/pt\/wp-json\/wp\/v2\/pages\/10592","targetHints":{"allow":["GET"]}}],"collection":[{"href":"https:\/\/premierservice.pt\/pt\/wp-json\/wp\/v2\/pages"}],"about":[{"href":"https:\/\/premierservice.pt\/pt\/wp-json\/wp\/v2\/types\/page"}],"author":[{"embeddable":true,"href":"https:\/\/premierservice.pt\/pt\/wp-json\/wp\/v2\/users\/2"}],"replies":[{"embeddable":true,"href":"https:\/\/premierservice.pt\/pt\/wp-json\/wp\/v2\/comments?post=10592"}],"version-history":[{"count":118,"href":"https:\/\/premierservice.pt\/pt\/wp-json\/wp\/v2\/pages\/10592\/revisions"}],"predecessor-version":[{"id":11340,"href":"https:\/\/premierservice.pt\/pt\/wp-json\/wp\/v2\/pages\/10592\/revisions\/11340"}],"wp:attachment":[{"href":"https:\/\/premierservice.pt\/pt\/wp-json\/wp\/v2\/media?parent=10592"}],"curies":[{"name":"wp","href":"https:\/\/api.w.org\/{rel}","templated":true}]}}